{"id":114,"date":"2022-04-22T13:29:22","date_gmt":"2022-04-22T13:29:22","guid":{"rendered":"https:\/\/demo.himaratheme.com\/?page_id=114"},"modified":"2026-04-28T19:31:56","modified_gmt":"2026-04-28T17:31:56","slug":"home-page","status":"publish","type":"page","link":"https:\/\/hotel-paffhausen.com\/nl\/","title":{"rendered":"Enjoyhotel Westerwald"},"content":{"rendered":"<p><img decoding=\"async\" class=\"alignnone size-medium wp-image-6288\" src=\"http:\/\/hotel-paffhausen.com\/wp-content\/uploads\/2023\/05\/Logo-westerwald-1-1536x437-1-300x85.jpg\" alt=\"\" width=\"300\" height=\"85\" srcset=\"https:\/\/hotel-paffhausen.com\/wp-content\/uploads\/2023\/05\/Logo-westerwald-1-1536x437-1-300x85.jpg 300w, https:\/\/hotel-paffhausen.com\/wp-content\/uploads\/2023\/05\/Logo-westerwald-1-1536x437-1-1024x291.jpg 1024w, https:\/\/hotel-paffhausen.com\/wp-content\/uploads\/2023\/05\/Logo-westerwald-1-1536x437-1-768x219.jpg 768w, https:\/\/hotel-paffhausen.com\/wp-content\/uploads\/2023\/05\/Logo-westerwald-1-1536x437-1-80x23.jpg 80w, https:\/\/hotel-paffhausen.com\/wp-content\/uploads\/2023\/05\/Logo-westerwald-1-1536x437-1-18x5.jpg 18w, https:\/\/hotel-paffhausen.com\/wp-content\/uploads\/2023\/05\/Logo-westerwald-1-1536x437-1.jpg 1536w\" sizes=\"(max-width: 300px) 100vw, 300px\" \/><img decoding=\"async\" class=\"size-medium wp-image-6317 alignright\" src=\"http:\/\/hotel-paffhausen.com\/wp-content\/uploads\/2026\/03\/Enjoylogo-300x73.png\" alt=\"\" width=\"300\" height=\"73\" srcset=\"https:\/\/hotel-paffhausen.com\/wp-content\/uploads\/2026\/03\/Enjoylogo-300x73.png 300w, https:\/\/hotel-paffhausen.com\/wp-content\/uploads\/2026\/03\/Enjoylogo-80x20.png 80w, https:\/\/hotel-paffhausen.com\/wp-content\/uploads\/2026\/03\/Enjoylogo-18x4.png 18w, https:\/\/hotel-paffhausen.com\/wp-content\/uploads\/2026\/03\/Enjoylogo.png 566w\" sizes=\"(max-width: 300px) 100vw, 300px\" \/><!--more--><\/p>\n<p><!--more--><\/p>\n<figure><img decoding=\"async\" src=\"http:\/\/hotel-paffhausen.com\/wp-content\/uploads\/2023\/05\/DSC_4456-scaled.jpg\" alt=\"\" \/><figcaption><\/figcaption><\/figure>\n<figure><figcaption>\n<h5 style=\"text-align: center;\"><strong>Restaurant\u00a0 \u00a0\/\u00a0 Tagungsraum\u00a0 \/\u00a0 <span style=\"font-size: 16px;\">Veranstaltungssaal<\/span><\/strong><\/h5>\n<p>&nbsp;<\/p>\n<\/figcaption><\/figure>\n<p>Wir sind Enjoy Hotel Westerwald, gelegen in Wirges,<\/p>\n<div>F\u00fcr Enjoy G\u00e4ste bieten ein umfassendes All-inclusive-Erlebnis inklusive Fr\u00fchst\u00fcck, Mittagessen, Vier-G\u00e4nge-Men\u00fc am Abend sowie kostenfreien Getr\u00e4nken von 17:00 bis 24:00 Uhr. Das Hotel \u00fcberzeugt mit freiem WLAN, Unterhaltungsprogramm (Live-Musik), Cocktailabende, Billard und einer Kaffeeecke. Hunde sind dort gegen Geb\u00fchr erlaubt. Wir bieten auch Wandern und Fahrradtouren an.<\/div>\n<p><strong>\u00a0<\/strong><\/p>\n<div><strong>NL:<\/strong><\/div>\n<div>Het Westerwald biedt legio mogelijkheden om te ontspannen, bezoeken, bezichtigen of doen. Hier laten wij u graag de mogelijkheden zien die het Westerwald te bieden heeft.<\/div>\n<div>Van wandelingen tot museum, en van kastelen tot fietsen, u kunt alle kanten op.<\/div>\n<div>De blauwe adresteksten verwijzen naar google maps op uw telefoon.<\/div>\n<p><img alt=\"\" \/><br \/>\n<img alt=\"\" \/><\/p>\n<h5><\/h5>\n<figure class=\"gallery-item\"><a href=\"http:\/\/hotel-paffhausen.com\/wp-content\/uploads\/2022\/05\/foto-9-1.png\" data-elementor-open-lightbox=\"yes\" data-elementor-lightbox-slideshow=\"11f0330\" data-elementor-lightbox-title=\"foto 9\" data-e-action-hash=\"#elementor-action%3Aaction%3Dlightbox%26settings%3DeyJpZCI6NjI4MiwidXJsIjoiaHR0cDpcL1wvaG90ZWwtcGFmZmhhdXNlbi5jb21cL3dwLWNvbnRlbnRcL3VwbG9hZHNcLzIwMjJcLzA1XC9mb3RvLTktMS5wbmciLCJzbGlkZXNob3ciOiIxMWYwMzMwIn0%3D\"><img fetchpriority=\"high\" decoding=\"async\" class=\"aligncenter\" src=\"http:\/\/hotel-paffhausen.com\/wp-content\/uploads\/2022\/05\/foto-9-1-768x768.png\" sizes=\"(max-width: 768px) 100vw, 768px\" srcset=\"https:\/\/hotel-paffhausen.com\/wp-content\/uploads\/2022\/05\/foto-9-1-768x768.png 768w, https:\/\/hotel-paffhausen.com\/wp-content\/uploads\/2022\/05\/foto-9-1-300x300.png 300w, https:\/\/hotel-paffhausen.com\/wp-content\/uploads\/2022\/05\/foto-9-1-150x150.png 150w, https:\/\/hotel-paffhausen.com\/wp-content\/uploads\/2022\/05\/foto-9-1-80x80.png 80w, https:\/\/hotel-paffhausen.com\/wp-content\/uploads\/2022\/05\/foto-9-1-12x12.png 12w, https:\/\/hotel-paffhausen.com\/wp-content\/uploads\/2022\/05\/foto-9-1-480x480.png 480w, https:\/\/hotel-paffhausen.com\/wp-content\/uploads\/2022\/05\/foto-9-1.png 1024w\" alt=\"\" width=\"768\" height=\"768\" \/><\/a><\/figure>\n<figure class=\"gallery-item\"><a href=\"http:\/\/hotel-paffhausen.com\/wp-content\/uploads\/2025\/04\/20241017_134253-scaled.jpg\" data-elementor-open-lightbox=\"yes\" data-elementor-lightbox-slideshow=\"11f0330\" data-elementor-lightbox-title=\"20241017_134253\" data-e-action-hash=\"#elementor-action%3Aaction%3Dlightbox%26settings%3DeyJpZCI6NjIxNSwidXJsIjoiaHR0cDpcL1wvaG90ZWwtcGFmZmhhdXNlbi5jb21cL3dwLWNvbnRlbnRcL3VwbG9hZHNcLzIwMjVcLzA0XC8yMDI0MTAxN18xMzQyNTMtc2NhbGVkLmpwZyIsInNsaWRlc2hvdyI6IjExZjAzMzAifQ%3D%3D\"><img loading=\"lazy\" decoding=\"async\" class=\"aligncenter\" src=\"http:\/\/hotel-paffhausen.com\/wp-content\/uploads\/2025\/04\/20241017_134253-768x1024.jpg\" sizes=\"(max-width: 768px) 100vw, 768px\" srcset=\"https:\/\/hotel-paffhausen.com\/wp-content\/uploads\/2025\/04\/20241017_134253-768x1024.jpg 768w, https:\/\/hotel-paffhausen.com\/wp-content\/uploads\/2025\/04\/20241017_134253-225x300.jpg 225w, https:\/\/hotel-paffhausen.com\/wp-content\/uploads\/2025\/04\/20241017_134253-60x80.jpg 60w, https:\/\/hotel-paffhausen.com\/wp-content\/uploads\/2025\/04\/20241017_134253-1152x1536.jpg 1152w, https:\/\/hotel-paffhausen.com\/wp-content\/uploads\/2025\/04\/20241017_134253-1536x2048.jpg 1536w, https:\/\/hotel-paffhausen.com\/wp-content\/uploads\/2025\/04\/20241017_134253-9x12.jpg 9w, https:\/\/hotel-paffhausen.com\/wp-content\/uploads\/2025\/04\/20241017_134253-scaled.jpg 1920w\" alt=\"\" width=\"768\" height=\"1024\" \/><\/a><\/figure>\n<figure class=\"gallery-item\"><a href=\"http:\/\/hotel-paffhausen.com\/wp-content\/uploads\/2025\/04\/20231015_113751-scaled.jpg\" data-elementor-open-lightbox=\"yes\" data-elementor-lightbox-slideshow=\"11f0330\" data-elementor-lightbox-title=\"20231015_113751\" data-e-action-hash=\"#elementor-action%3Aaction%3Dlightbox%26settings%3DeyJpZCI6NjIwNywidXJsIjoiaHR0cDpcL1wvaG90ZWwtcGFmZmhhdXNlbi5jb21cL3dwLWNvbnRlbnRcL3VwbG9hZHNcLzIwMjVcLzA0XC8yMDIzMTAxNV8xMTM3NTEtc2NhbGVkLmpwZyIsInNsaWRlc2hvdyI6IjExZjAzMzAifQ%3D%3D\"><img loading=\"lazy\" decoding=\"async\" class=\"aligncenter\" src=\"http:\/\/hotel-paffhausen.com\/wp-content\/uploads\/2025\/04\/20231015_113751-768x576.jpg\" sizes=\"(max-width: 768px) 100vw, 768px\" srcset=\"https:\/\/hotel-paffhausen.com\/wp-content\/uploads\/2025\/04\/20231015_113751-768x576.jpg 768w, https:\/\/hotel-paffhausen.com\/wp-content\/uploads\/2025\/04\/20231015_113751-300x225.jpg 300w, https:\/\/hotel-paffhausen.com\/wp-content\/uploads\/2025\/04\/20231015_113751-1024x768.jpg 1024w, https:\/\/hotel-paffhausen.com\/wp-content\/uploads\/2025\/04\/20231015_113751-80x60.jpg 80w, https:\/\/hotel-paffhausen.com\/wp-content\/uploads\/2025\/04\/20231015_113751-1536x1152.jpg 1536w, https:\/\/hotel-paffhausen.com\/wp-content\/uploads\/2025\/04\/20231015_113751-2048x1536.jpg 2048w, https:\/\/hotel-paffhausen.com\/wp-content\/uploads\/2025\/04\/20231015_113751-16x12.jpg 16w\" alt=\"\" width=\"768\" height=\"576\" \/><\/a><\/figure>\n<figure class=\"gallery-item\"><a href=\"http:\/\/hotel-paffhausen.com\/wp-content\/uploads\/2024\/01\/20231015_141739-scaled.jpg\" data-elementor-open-lightbox=\"yes\" data-elementor-lightbox-slideshow=\"11f0330\" data-elementor-lightbox-title=\"20231015_141739\" data-e-action-hash=\"#elementor-action%3Aaction%3Dlightbox%26settings%3DeyJpZCI6NjAwNSwidXJsIjoiaHR0cDpcL1wvaG90ZWwtcGFmZmhhdXNlbi5jb21cL3dwLWNvbnRlbnRcL3VwbG9hZHNcLzIwMjRcLzAxXC8yMDIzMTAxNV8xNDE3Mzktc2NhbGVkLmpwZyIsInNsaWRlc2hvdyI6IjExZjAzMzAifQ%3D%3D\"><img loading=\"lazy\" decoding=\"async\" class=\"aligncenter\" src=\"http:\/\/hotel-paffhausen.com\/wp-content\/uploads\/2024\/01\/20231015_141739-768x576.jpg\" sizes=\"(max-width: 768px) 100vw, 768px\" srcset=\"https:\/\/hotel-paffhausen.com\/wp-content\/uploads\/2024\/01\/20231015_141739-768x576.jpg 768w, https:\/\/hotel-paffhausen.com\/wp-content\/uploads\/2024\/01\/20231015_141739-300x225.jpg 300w, https:\/\/hotel-paffhausen.com\/wp-content\/uploads\/2024\/01\/20231015_141739-1024x768.jpg 1024w, https:\/\/hotel-paffhausen.com\/wp-content\/uploads\/2024\/01\/20231015_141739-80x60.jpg 80w, https:\/\/hotel-paffhausen.com\/wp-content\/uploads\/2024\/01\/20231015_141739-1536x1152.jpg 1536w, https:\/\/hotel-paffhausen.com\/wp-content\/uploads\/2024\/01\/20231015_141739-2048x1536.jpg 2048w\" alt=\"\" width=\"768\" height=\"576\" \/><\/a><\/figure>\n<figure class=\"gallery-item\"><a href=\"http:\/\/hotel-paffhausen.com\/wp-content\/uploads\/2023\/07\/IMG_20230716_132608-scaled.jpg\" data-elementor-open-lightbox=\"yes\" data-elementor-lightbox-slideshow=\"11f0330\" data-elementor-lightbox-title=\"IMG_20230716_132608\" data-e-action-hash=\"#elementor-action%3Aaction%3Dlightbox%26settings%3DeyJpZCI6NTkyNCwidXJsIjoiaHR0cDpcL1wvaG90ZWwtcGFmZmhhdXNlbi5jb21cL3dwLWNvbnRlbnRcL3VwbG9hZHNcLzIwMjNcLzA3XC9JTUdfMjAyMzA3MTZfMTMyNjA4LXNjYWxlZC5qcGciLCJzbGlkZXNob3ciOiIxMWYwMzMwIn0%3D\"><img loading=\"lazy\" decoding=\"async\" class=\"aligncenter\" src=\"http:\/\/hotel-paffhausen.com\/wp-content\/uploads\/2023\/07\/IMG_20230716_132608-768x1024.jpg\" sizes=\"(max-width: 768px) 100vw, 768px\" srcset=\"https:\/\/hotel-paffhausen.com\/wp-content\/uploads\/2023\/07\/IMG_20230716_132608-768x1024.jpg 768w, https:\/\/hotel-paffhausen.com\/wp-content\/uploads\/2023\/07\/IMG_20230716_132608-225x300.jpg 225w, https:\/\/hotel-paffhausen.com\/wp-content\/uploads\/2023\/07\/IMG_20230716_132608-60x80.jpg 60w, https:\/\/hotel-paffhausen.com\/wp-content\/uploads\/2023\/07\/IMG_20230716_132608-1152x1536.jpg 1152w, https:\/\/hotel-paffhausen.com\/wp-content\/uploads\/2023\/07\/IMG_20230716_132608-1536x2048.jpg 1536w, https:\/\/hotel-paffhausen.com\/wp-content\/uploads\/2023\/07\/IMG_20230716_132608-scaled.jpg 1920w\" alt=\"\" width=\"768\" height=\"1024\" \/><\/a><\/figure>\n<figure class=\"gallery-item\"><a href=\"http:\/\/hotel-paffhausen.com\/wp-content\/uploads\/2023\/08\/IMG_20230723_124525-scaled.jpg\" data-elementor-open-lightbox=\"yes\" data-elementor-lightbox-slideshow=\"11f0330\" data-elementor-lightbox-title=\"IMG_20230723_124525\" data-e-action-hash=\"#elementor-action%3Aaction%3Dlightbox%26settings%3DeyJpZCI6NTk3NywidXJsIjoiaHR0cDpcL1wvaG90ZWwtcGFmZmhhdXNlbi5jb21cL3dwLWNvbnRlbnRcL3VwbG9hZHNcLzIwMjNcLzA4XC9JTUdfMjAyMzA3MjNfMTI0NTI1LXNjYWxlZC5qcGciLCJzbGlkZXNob3ciOiIxMWYwMzMwIn0%3D\"><img loading=\"lazy\" decoding=\"async\" class=\"aligncenter\" src=\"http:\/\/hotel-paffhausen.com\/wp-content\/uploads\/2023\/08\/IMG_20230723_124525-768x1024.jpg\" sizes=\"(max-width: 768px) 100vw, 768px\" srcset=\"https:\/\/hotel-paffhausen.com\/wp-content\/uploads\/2023\/08\/IMG_20230723_124525-768x1024.jpg 768w, https:\/\/hotel-paffhausen.com\/wp-content\/uploads\/2023\/08\/IMG_20230723_124525-225x300.jpg 225w, https:\/\/hotel-paffhausen.com\/wp-content\/uploads\/2023\/08\/IMG_20230723_124525-60x80.jpg 60w, https:\/\/hotel-paffhausen.com\/wp-content\/uploads\/2023\/08\/IMG_20230723_124525-1152x1536.jpg 1152w, https:\/\/hotel-paffhausen.com\/wp-content\/uploads\/2023\/08\/IMG_20230723_124525-1536x2048.jpg 1536w, https:\/\/hotel-paffhausen.com\/wp-content\/uploads\/2023\/08\/IMG_20230723_124525-scaled.jpg 1920w\" alt=\"\" width=\"768\" height=\"1024\" \/><\/a><\/figure>\n<p><a href=\"https:\/\/www.facebook.com\/profile.php?id=100093212894875\" target=\"_blank\" rel=\"noopener\"><br \/>\nFacebook<br \/>\n<\/a><br \/>\n<a target=\"_blank\"><br \/>\nTwitter<br \/>\n<\/a><br \/>\n<a target=\"_blank\"><br \/>\nYoutube<br \/>\n<\/a><br \/>\n<a href=\"https:\/\/www.instagram.com\/steakhouse_bahnhof100\/#\" target=\"_blank\" rel=\"noopener\"><br \/>\nInstagram<br \/>\n<\/a><\/p>","protected":false},"excerpt":{"rendered":"","protected":false},"author":1,"featured_media":0,"parent":0,"menu_order":0,"comment_status":"closed","ping_status":"closed","template":"","meta":{"footnotes":""},"class_list":["post-114","page","type-page","status-publish","hentry"],"_links":{"self":[{"href":"https:\/\/hotel-paffhausen.com\/nl\/wp-json\/wp\/v2\/pages\/114","targetHints":{"allow":["GET"]}}],"collection":[{"href":"https:\/\/hotel-paffhausen.com\/nl\/wp-json\/wp\/v2\/pages"}],"about":[{"href":"https:\/\/hotel-paffhausen.com\/nl\/wp-json\/wp\/v2\/types\/page"}],"author":[{"embeddable":true,"href":"https:\/\/hotel-paffhausen.com\/nl\/wp-json\/wp\/v2\/users\/1"}],"replies":[{"embeddable":true,"href":"https:\/\/hotel-paffhausen.com\/nl\/wp-json\/wp\/v2\/comments?post=114"}],"version-history":[{"count":209,"href":"https:\/\/hotel-paffhausen.com\/nl\/wp-json\/wp\/v2\/pages\/114\/revisions"}],"predecessor-version":[{"id":33103,"href":"https:\/\/hotel-paffhausen.com\/nl\/wp-json\/wp\/v2\/pages\/114\/revisions\/33103"}],"wp:attachment":[{"href":"https:\/\/hotel-paffhausen.com\/nl\/wp-json\/wp\/v2\/media?parent=114"}],"curies":[{"name":"wp","href":"https:\/\/api.w.org\/{rel}","templated":true}]}}