{"id":5827,"date":"2023-06-02T11:43:19","date_gmt":"2023-06-02T09:43:19","guid":{"rendered":"http:\/\/hotel-paffhausen.com\/?page_id=5827"},"modified":"2026-03-18T23:07:32","modified_gmt":"2026-03-18T21:07:32","slug":"events","status":"publish","type":"page","link":"https:\/\/hotel-paffhausen.com\/nl\/events\/","title":{"rendered":"EVENTS"},"content":{"rendered":"<div data-elementor-type=\"wp-page\" data-elementor-id=\"5827\" class=\"elementor elementor-5827\" data-elementor-post-type=\"page\">\n\t\t\t\t\t\t<section class=\"elementor-section elementor-top-section elementor-element elementor-element-70bab86 elementor-section-boxed elementor-section-height-default elementor-section-height-default\" data-id=\"70bab86\" data-element_type=\"section\" data-e-type=\"section\">\n\t\t\t\t\t\t<div class=\"elementor-container elementor-column-gap-default\">\n\t\t\t\t\t<div class=\"elementor-column elementor-col-50 elementor-top-column elementor-element elementor-element-b7eb23e\" data-id=\"b7eb23e\" data-element_type=\"column\" data-e-type=\"column\">\n\t\t\t<div class=\"elementor-widget-wrap elementor-element-populated\">\n\t\t\t\t\t\t<div class=\"elementor-element elementor-element-2b0bc87 elementor-widget elementor-widget-heading\" data-id=\"2b0bc87\" data-element_type=\"widget\" data-e-type=\"widget\" data-widget_type=\"heading.default\">\n\t\t\t\t<div class=\"elementor-widget-container\">\n\t\t\t\t\t<h2 class=\"elementor-heading-title elementor-size-default\">EVENTS<\/h2>\t\t\t\t<\/div>\n\t\t\t\t<\/div>\n\t\t\t\t<div class=\"elementor-element elementor-element-886c3a4 elementor-widget elementor-widget-text-editor\" data-id=\"886c3a4\" data-element_type=\"widget\" data-e-type=\"widget\" data-widget_type=\"text-editor.default\">\n\t\t\t\t<div class=\"elementor-widget-container\">\n\t\t\t\t\t\t\t\t\t<h3 class=\"\" data-start=\"175\" data-end=\"220\">Feiern im Hotel &amp; Restaurant Paffhausen<\/h3><p class=\"\" data-start=\"221\" data-end=\"268\"><strong data-start=\"221\" data-end=\"268\">Der perfekte Ort f\u00fcr unvergessliche Momente<\/strong><\/p><p class=\"\" data-start=\"270\" data-end=\"532\">Ob Hochzeit, Geburtstag oder Firmenveranstaltung \u2013 im Hotel &amp; Restaurant Paffhausen finden Sie die ideale Location f\u00fcr Ihre private Feier. Unsere stilvollen R\u00e4umlichkeiten bieten Platz f\u00fcr bis zu 200 G\u00e4ste und schaffen den passenden Rahmen f\u00fcr besondere Anl\u00e4sse.<\/p><p class=\"\" data-start=\"534\" data-end=\"774\">Freuen Sie sich auf einen herzlichen Service, k\u00f6stliches Essen und eine rundum gelungene Feier \u2013 ganz nach Ihren W\u00fcnschen. Vom festlichen Men\u00fc bis zum individuellen Ablauf \u2013 wir k\u00fcmmern uns um die Details, damit Sie entspannt feiern k\u00f6nnen.<\/p><p class=\"\" data-start=\"776\" data-end=\"940\"><strong data-start=\"776\" data-end=\"802\">Unser Angebot f\u00fcr Sie:<\/strong><br data-start=\"802\" data-end=\"805\" \/>\u2714\ufe0f Platz f\u00fcr ca. 200 Personen<br data-start=\"834\" data-end=\"837\" \/>\u2714\ufe0f Individuelle Men\u00fc- und Buffetvorschl\u00e4ge<br data-start=\"879\" data-end=\"882\" \/>\u2714\ufe0f Professioneller Service<br data-start=\"908\" data-end=\"911\" \/>\u2714\ufe0f Stimmungsvolles Ambiente<\/p><p>\u00a0<\/p><p class=\"\" data-start=\"942\" data-end=\"1019\">Lassen Sie uns gemeinsam Ihre Feier planen \u2013 wir freuen uns auf Ihre Anfrage!<\/p>\t\t\t\t\t\t\t\t<\/div>\n\t\t\t\t<\/div>\n\t\t\t\t\t<\/div>\n\t\t<\/div>\n\t\t\t\t<div class=\"elementor-column elementor-col-50 elementor-top-column elementor-element elementor-element-5e6a640\" data-id=\"5e6a640\" data-element_type=\"column\" data-e-type=\"column\">\n\t\t\t<div class=\"elementor-widget-wrap elementor-element-populated\">\n\t\t\t\t\t\t<div class=\"elementor-element elementor-element-c57e7b0 elementor-widget elementor-widget-image\" data-id=\"c57e7b0\" data-element_type=\"widget\" data-e-type=\"widget\" data-widget_type=\"image.default\">\n\t\t\t\t<div class=\"elementor-widget-container\">\n\t\t\t\t\t\t\t\t\t\t\t\t\t\t\t<img decoding=\"async\" src=\"http:\/\/hotel-paffhausen.com\/wp-content\/uploads\/2022\/05\/david-holifield-7ePjhwxtxCU-unsplash-1.jpg\" title=\"\" alt=\"\" loading=\"lazy\" \/>\t\t\t\t\t\t\t\t\t\t\t\t\t\t\t<\/div>\n\t\t\t\t<\/div>\n\t\t\t\t\t<\/div>\n\t\t<\/div>\n\t\t\t\t\t<\/div>\n\t\t<\/section>\n\t\t\t\t<section class=\"elementor-section elementor-top-section elementor-element elementor-element-559ab7a elementor-section-boxed elementor-section-height-default elementor-section-height-default\" data-id=\"559ab7a\" data-element_type=\"section\" data-e-type=\"section\">\n\t\t\t\t\t\t<div class=\"elementor-container elementor-column-gap-default\">\n\t\t\t\t\t<div class=\"elementor-column elementor-col-50 elementor-top-column elementor-element elementor-element-660ecc4\" data-id=\"660ecc4\" data-element_type=\"column\" data-e-type=\"column\">\n\t\t\t<div class=\"elementor-widget-wrap elementor-element-populated\">\n\t\t\t\t\t\t\t<\/div>\n\t\t<\/div>\n\t\t\t\t<div class=\"elementor-column elementor-col-50 elementor-top-column elementor-element elementor-element-0c6d0e4\" data-id=\"0c6d0e4\" data-element_type=\"column\" data-e-type=\"column\">\n\t\t\t<div class=\"elementor-widget-wrap elementor-element-populated\">\n\t\t\t\t\t\t<div class=\"elementor-element elementor-element-131d404 elementor-widget elementor-widget-image\" data-id=\"131d404\" data-element_type=\"widget\" data-e-type=\"widget\" data-widget_type=\"image.default\">\n\t\t\t\t<div class=\"elementor-widget-container\">\n\t\t\t\t\t\t\t\t\t\t\t\t\t\t\t<img fetchpriority=\"high\" decoding=\"async\" width=\"1024\" height=\"768\" src=\"https:\/\/hotel-paffhausen.com\/wp-content\/uploads\/2024\/01\/WhatsApp-Image-2023-12-29-at-19.05.55-1-1024x768.jpeg\" class=\"attachment-large size-large wp-image-5996\" alt=\"\" srcset=\"https:\/\/hotel-paffhausen.com\/wp-content\/uploads\/2024\/01\/WhatsApp-Image-2023-12-29-at-19.05.55-1-1024x768.jpeg 1024w, https:\/\/hotel-paffhausen.com\/wp-content\/uploads\/2024\/01\/WhatsApp-Image-2023-12-29-at-19.05.55-1-300x225.jpeg 300w, https:\/\/hotel-paffhausen.com\/wp-content\/uploads\/2024\/01\/WhatsApp-Image-2023-12-29-at-19.05.55-1-768x576.jpeg 768w, https:\/\/hotel-paffhausen.com\/wp-content\/uploads\/2024\/01\/WhatsApp-Image-2023-12-29-at-19.05.55-1-80x60.jpeg 80w, https:\/\/hotel-paffhausen.com\/wp-content\/uploads\/2024\/01\/WhatsApp-Image-2023-12-29-at-19.05.55-1-1536x1152.jpeg 1536w, https:\/\/hotel-paffhausen.com\/wp-content\/uploads\/2024\/01\/WhatsApp-Image-2023-12-29-at-19.05.55-1.jpeg 2000w\" sizes=\"(max-width: 1024px) 100vw, 1024px\" \/>\t\t\t\t\t\t\t\t\t\t\t\t\t\t\t<\/div>\n\t\t\t\t<\/div>\n\t\t\t\t\t<\/div>\n\t\t<\/div>\n\t\t\t\t\t<\/div>\n\t\t<\/section>\n\t\t\t\t<\/div>","protected":false},"excerpt":{"rendered":"<p>EVENTS Feiern im Hotel &amp; Restaurant Paffhausen Der perfekte Ort f\u00fcr unvergessliche Momente Ob Hochzeit, Geburtstag oder Firmenveranstaltung \u2013 im Hotel &amp; Restaurant Paffhausen finden Sie die ideale Location f\u00fcr Ihre private Feier. Unsere stilvollen R\u00e4umlichkeiten bieten Platz f\u00fcr bis zu 200 G\u00e4ste und schaffen den passenden Rahmen f\u00fcr besondere Anl\u00e4sse. Freuen Sie sich auf [&hellip;]<\/p>\n","protected":false},"author":1,"featured_media":0,"parent":0,"menu_order":0,"comment_status":"closed","ping_status":"open","template":"","meta":{"footnotes":""},"class_list":["post-5827","page","type-page","status-publish","hentry"],"_links":{"self":[{"href":"https:\/\/hotel-paffhausen.com\/nl\/wp-json\/wp\/v2\/pages\/5827","targetHints":{"allow":["GET"]}}],"collection":[{"href":"https:\/\/hotel-paffhausen.com\/nl\/wp-json\/wp\/v2\/pages"}],"about":[{"href":"https:\/\/hotel-paffhausen.com\/nl\/wp-json\/wp\/v2\/types\/page"}],"author":[{"embeddable":true,"href":"https:\/\/hotel-paffhausen.com\/nl\/wp-json\/wp\/v2\/users\/1"}],"replies":[{"embeddable":true,"href":"https:\/\/hotel-paffhausen.com\/nl\/wp-json\/wp\/v2\/comments?post=5827"}],"version-history":[{"count":25,"href":"https:\/\/hotel-paffhausen.com\/nl\/wp-json\/wp\/v2\/pages\/5827\/revisions"}],"predecessor-version":[{"id":6297,"href":"https:\/\/hotel-paffhausen.com\/nl\/wp-json\/wp\/v2\/pages\/5827\/revisions\/6297"}],"wp:attachment":[{"href":"https:\/\/hotel-paffhausen.com\/nl\/wp-json\/wp\/v2\/media?parent=5827"}],"curies":[{"name":"wp","href":"https:\/\/api.w.org\/{rel}","templated":true}]}}